{"id":37,"date":"2024-07-31T09:09:10","date_gmt":"2024-07-31T09:09:10","guid":{"rendered":"https:\/\/erdeitranslations.com\/brite\/"},"modified":"2024-10-12T13:47:06","modified_gmt":"2024-10-12T13:47:06","slug":"erdei-translations","status":"publish","type":"page","link":"https:\/\/erdeitranslations.com\/en\/","title":{"rendered":"Home"},"content":{"rendered":"<div data-colibri-id=\"37-c1\" class=\"style-186 style-local-37-c1 position-relative\">\r\n  <!---->\r\n  <div data-colibri-component=\"section\" data-colibri-id=\"37-c2\" id=\"overlappable\" class=\"h-section h-section-global-spacing d-flex align-items-lg-center align-items-md-center align-items-center style-187 style-local-37-c2 position-relative\">\r\n    <!---->\r\n    <!---->\r\n    <div class=\"h-section-grid-container h-section-boxed-container\">\r\n      <!---->\r\n      <div data-colibri-id=\"37-c3\" class=\"h-row-container gutters-row-lg-0 gutters-row-md-0 gutters-row-2 gutters-row-v-lg-0 gutters-row-v-md-0 gutters-row-v-2 style-188 style-local-37-c3 position-relative\">\r\n        <!---->\r\n        <div class=\"h-row justify-content-lg-center justify-content-md-center justify-content-center align-items-lg-stretch align-items-md-stretch align-items-stretch gutters-col-lg-0 gutters-col-md-0 gutters-col-2 gutters-col-v-lg-0 gutters-col-v-md-0 gutters-col-v-2\">\r\n          <!---->\r\n          <div class=\"h-column h-column-container d-flex h-col-lg-auto h-col-md-auto h-col-auto style-189-outer style-local-37-c4-outer\">\r\n            <div data-colibri-id=\"37-c4\" class=\"d-flex h-flex-basis h-column__inner h-px-lg-0 h-px-md-0 h-px-0 v-inner-lg-0 v-inner-md-0 v-inner-0 style-189 style-local-37-c4 h-overflow-hidden position-relative\">\r\n              <!---->\r\n              <!---->\r\n              <div class=\"w-100 h-y-container h-column__content h-column__v-align flex-basis-100 align-self-lg-start align-self-md-start align-self-start\">\r\n                <!---->\r\n                <div data-colibri-id=\"37-c5\" class=\"h-row-container gutters-row-lg-0 gutters-row-md-0 gutters-row-0 gutters-row-v-lg-0 gutters-row-v-md-0 gutters-row-v-0 style-190 style-local-37-c5 position-relative\">\r\n                  <!---->\r\n                  <div class=\"h-row justify-content-lg-center justify-content-md-center justify-content-center align-items-lg-stretch align-items-md-stretch align-items-stretch gutters-col-lg-0 gutters-col-md-0 gutters-col-0 gutters-col-v-lg-0 gutters-col-v-md-0 gutters-col-v-0\">\r\n                    <!---->\r\n                    <div class=\"h-column h-column-container d-flex h-col-lg-3 h-col-md-6 h-col-12 style-191-outer style-local-37-c6-outer\">\r\n                      <div data-colibri-id=\"37-c6\" class=\"d-flex h-flex-basis h-column__inner h-px-lg-3 h-px-md-3 h-px-3 v-inner-lg-3 v-inner-md-3 v-inner-3 style-191 style-local-37-c6 position-relative\">\r\n                        <!---->\r\n                        <!---->\r\n                        <div class=\"w-100 h-y-container h-column__content h-column__v-align flex-basis-100 align-self-lg-start align-self-md-start align-self-start\">\r\n                          <!---->\r\n                          <div data-colibri-id=\"37-c7\" class=\"h-icon style-192 style-local-37-c7 position-relative h-element\">\r\n                            <!----><span class=\"h-svg-icon h-icon__icon style-192-icon style-local-37-c7-icon\"><!--Icon by Icons8 Line Awesome (https:\/\/icons8.com\/line-awesome)--><svg version=\"1.1\" xmlns=\"http:\/\/www.w3.org\/2000\/svg\" xmlns:xlink=\"http:\/\/www.w3.org\/1999\/xlink\" id=\"flash\" viewbox=\"0 0 512 545.5\"><path d=\"M302 96l23 22-96.5 102.5 116 70L362 301l-14.5 14.5L215 448h73v32H160V352h32v73l118-118-115-69.5-17-10 13.5-14.5z\"><\/path><\/svg><\/span><\/div>\r\n                          <div\r\n                            data-colibri-id=\"37-c8\" class=\"h-global-transition-all h-heading style-193 style-local-37-c8 position-relative h-element\">\r\n                            <!---->\r\n                            <div class=\"h-heading__outer style-193 style-local-37-c8\">\r\n                              <!---->\r\n                              <!---->\r\n                              <h4 class=\"translation-block\">More than 25 years of <br>experience<\/h4>\r\n                            <\/div>\r\n                        <\/div>\r\n                      <\/div>\r\n                    <\/div>\r\n                  <\/div>\r\n                  <div class=\"h-column h-column-container d-flex h-col-lg-3 h-col-md-6 h-col-12 style-191-outer style-local-37-c9-outer\">\r\n                    <div data-colibri-id=\"37-c9\" class=\"d-flex h-flex-basis h-column__inner h-px-lg-3 h-px-md-3 h-px-3 v-inner-lg-3 v-inner-md-3 v-inner-3 style-191 style-local-37-c9 position-relative\">\r\n                      <!---->\r\n                      <!---->\r\n                      <div class=\"w-100 h-y-container h-column__content h-column__v-align flex-basis-100 align-self-lg-start align-self-md-start align-self-start\">\r\n                        <!---->\r\n                        <div data-colibri-id=\"37-c10\" class=\"h-icon style-197 style-local-37-c10 position-relative h-element\">\r\n                          <!----><span class=\"h-svg-icon h-icon__icon style-197-icon style-local-37-c10-icon\"><!--Icon by Icons8 Line Awesome (https:\/\/icons8.com\/line-awesome)--><svg version=\"1.1\" xmlns=\"http:\/\/www.w3.org\/2000\/svg\" xmlns:xlink=\"http:\/\/www.w3.org\/1999\/xlink\" id=\"cloud\" viewbox=\"0 0 512 545.5\"><path d=\"M256 112c39.222 0 73.015 20.827 93 51.5 6.267-1.418 12.082-3.5 19-3.5 52.826 0 96 43.174 96 96 27.675 16.876 48 45.357 48 80 0 52.826-43.174 96-96 96H96c-52.826 0-96-43.174-96-96s43.174-96 96-96c3.374 0 6.297.643 9.5 1 8.5-19.06 23.02-33.326 42.5-41 11.172-50.066 54.71-88 108-88zm0 32c-40.353 0-73.304 29.382-79 68l-1.5 11-10.5 2.5c-17.76 4.236-32.037 18.174-36 36l-3 15.5-16-3.5c-4.768-1.074-9.343-1.5-14-1.5-35.526 0-64 28.474-64 64s28.474 64 64 64h320c35.526 0 64-28.474 64-64 0-26.587-16.146-49.242-39-59l-10.5-4.5 1-11.5c.28-3.752.5-5.144.5-5 0-35.526-28.474-64-64-64-7.11 0-14.007 1.543-21 4l-13.5 4.5-6-12.5c-13.19-26.09-40.168-44-71.5-44z\"><\/path><\/svg><\/span><\/div>\r\n                        <div\r\n                          data-colibri-id=\"37-c11\" class=\"h-global-transition-all h-heading style-193 style-local-37-c11 position-relative h-element\">\r\n                          <!---->\r\n                          <div class=\"h-heading__outer style-193 style-local-37-c11\">\r\n                            <!---->\r\n                            <!---->\r\n                            <h4 class=\"\">Hundreds of satisfied clients<\/h4>\r\n                          <\/div>\r\n                      <\/div>\r\n                    <\/div>\r\n                  <\/div>\r\n                <\/div>\r\n                <div class=\"h-column h-column-container d-flex h-col-lg-3 h-col-md-6 h-col-12 style-191-outer style-local-37-c12-outer\">\r\n                  <div data-colibri-id=\"37-c12\" class=\"d-flex h-flex-basis h-column__inner h-px-lg-3 h-px-md-3 h-px-3 v-inner-lg-3 v-inner-md-3 v-inner-3 style-191 style-local-37-c12 position-relative\">\r\n                    <!---->\r\n                    <!---->\r\n                    <div class=\"w-100 h-y-container h-column__content h-column__v-align flex-basis-100 align-self-lg-start align-self-md-start align-self-start\">\r\n                      <!---->\r\n                      <div data-colibri-id=\"37-c13\" class=\"h-icon style-199 style-local-37-c13 position-relative h-element\">\r\n                        <!----><span class=\"h-svg-icon h-icon__icon style-199-icon style-local-37-c13-icon\"><!--Icon by Icons8 Line Awesome (https:\/\/icons8.com\/line-awesome)--><svg version=\"1.1\" xmlns=\"http:\/\/www.w3.org\/2000\/svg\" xmlns:xlink=\"http:\/\/www.w3.org\/1999\/xlink\" id=\"area-chart\" viewbox=\"0 0 512 545.5\"><path d=\"M448 97v383H64V204.5l19 4 73 14.5 91-60.5 5.5-3.5 6 1 89.5 15 74-58zm-32 65.5l-54 42-5.5 4.5-7-1-90-15-90.5 60.5-5.5 3.5-6.5-1.5-61-12V309l62 25 89-59.5 6.5-4 7.5 2.5 87.5 29 67.5-53.5v-86zm0 127l-54 43-7 5.5-8-3-88-29.5-90 60-7 4.5-8-3-58-23v104h320V289.5z\"><\/path><\/svg><\/span><\/div>\r\n                      <div\r\n                        data-colibri-id=\"37-c14\" class=\"h-global-transition-all h-heading style-193 style-local-37-c14 position-relative h-element\">\r\n                        <!---->\r\n                        <div class=\"h-heading__outer style-193 style-local-37-c14\">\r\n                          <!---->\r\n                          <!---->\r\n                          <h4 class=\"\">Tens of thousands of completed projects<\/h4>\r\n                        <\/div>\r\n                    <\/div>\r\n                  <\/div>\r\n                <\/div>\r\n              <\/div>\r\n              <div class=\"h-column h-column-container d-flex h-col-lg-3 h-col-md-6 h-col-12 style-191-outer style-local-37-c15-outer\">\r\n                <div data-colibri-id=\"37-c15\" class=\"d-flex h-flex-basis h-column__inner h-px-lg-3 h-px-md-3 h-px-3 v-inner-lg-3 v-inner-md-3 v-inner-3 style-191 style-local-37-c15 position-relative\">\r\n                  <!---->\r\n                  <!---->\r\n                  <div class=\"w-100 h-y-container h-column__content h-column__v-align flex-basis-100 align-self-lg-start align-self-md-start align-self-start\">\r\n                    <!---->\r\n                    <div data-colibri-id=\"37-c16\" class=\"h-icon style-201 style-local-37-c16 position-relative h-element\">\r\n                      <!----><span class=\"h-svg-icon h-icon__icon style-201-icon style-local-37-c16-icon\"><!--Icon by Icons8 Line Awesome (https:\/\/icons8.com\/line-awesome)--><svg version=\"1.1\" xmlns=\"http:\/\/www.w3.org\/2000\/svg\" xmlns:xlink=\"http:\/\/www.w3.org\/1999\/xlink\" id=\"pie-chart\" viewbox=\"0 0 512 545.5\"><path d=\"M256 80c114.686 0 208 93.314 208 208s-93.314 208-208 208S48 402.686 48 288 141.314 80 256 80zm-18 33c-88.885 8.993-158 83.695-158 175 0 97.392 78.608 176 176 176 42.994 0 82.474-15.008 113-40.5l-124.5-124-4.5-5V113c-.658.06-1.344-.066-2 0zm34 0v159h159c-7.603-84.546-74.454-151.397-159-159zm23 191l96.5 97c22.282-26.683 36.2-60.296 39.5-97H295z\"><\/path><\/svg><\/span><\/div>\r\n                    <div\r\n                      data-colibri-id=\"37-c17\" class=\"h-global-transition-all h-heading style-193 style-local-37-c17 position-relative h-element\">\r\n                      <!---->\r\n                      <div class=\"h-heading__outer style-193 style-local-37-c17\">\r\n                        <!---->\r\n                        <!---->\r\n                        <h4 class=\"translation-block\">Millions of translated words<\/h4>\r\n                      <\/div>\r\n                  <\/div>\r\n                <\/div>\r\n              <\/div>\r\n            <\/div>\r\n          <\/div>\r\n        <\/div>\r\n      <\/div>\r\n    <\/div>\r\n  <\/div>\r\n<\/div>\r\n<\/div>\r\n<\/div>\r\n<\/div>\r\n<\/div>","protected":false},"excerpt":{"rendered":"<p>Vi\u0161e od 25 godina iskustva Stotine zadovoljnih klijenata Desetine hiljada zavr\u0161enih projekata Milioni prevedenih re\u010di<\/p>","protected":false},"author":1,"featured_media":0,"parent":0,"menu_order":0,"comment_status":"closed","ping_status":"closed","template":"page-templates\/homepage.php","meta":{"nf_dc_page":"","om_disable_all_campaigns":false,"_monsterinsights_skip_tracking":false,"_monsterinsights_sitenote_active":false,"_monsterinsights_sitenote_note":"","_monsterinsights_sitenote_category":0,"footnotes":""},"class_list":["post-37","page","type-page","status-publish","hentry"],"yoast_head":"<!-- This site is optimized with the Yoast SEO plugin v27.4 - https:\/\/yoast.com\/product\/yoast-seo-wordpress\/ -->\n<title>Po\u010detak - Erdei translations<\/title>\n<meta name=\"description\" content=\"Erdei Translations je ku\u0107a vrhunskih prevoda! Otkrijte vrhunske usluge prevo\u0111enja koje su prilago\u0111ene va\u0161im potrebama sa agencijom.\" \/>\n<meta name=\"robots\" content=\"index, follow, max-snippet:-1, max-image-preview:large, max-video-preview:-1\" \/>\n<link rel=\"canonical\" href=\"https:\/\/erdeitranslations.com\/en\/\" \/>\n<meta property=\"og:locale\" content=\"en_US\" \/>\n<meta property=\"og:type\" content=\"article\" \/>\n<meta property=\"og:title\" content=\"Po\u010detak - Erdei translations\" \/>\n<meta property=\"og:description\" content=\"Erdei Translations je ku\u0107a vrhunskih prevoda! Otkrijte vrhunske usluge prevo\u0111enja koje su prilago\u0111ene va\u0161im potrebama sa agencijom.\" \/>\n<meta property=\"og:url\" content=\"https:\/\/erdeitranslations.com\/en\/\" \/>\n<meta property=\"og:site_name\" content=\"Erdei translations\" \/>\n<meta property=\"article:modified_time\" content=\"2024-10-12T13:47:06+00:00\" \/>\n<meta name=\"twitter:card\" content=\"summary_large_image\" \/>\n<meta name=\"twitter:label1\" content=\"Est. reading time\" \/>\n\t<meta name=\"twitter:data1\" content=\"1 minute\" \/>\n<script type=\"application\/ld+json\" class=\"yoast-schema-graph\">{\"@context\":\"https:\\\/\\\/schema.org\",\"@graph\":[{\"@type\":\"WebPage\",\"@id\":\"https:\\\/\\\/erdeitranslations.com\\\/\",\"url\":\"https:\\\/\\\/erdeitranslations.com\\\/\",\"name\":\"Po\u010detak - Erdei translations\",\"isPartOf\":{\"@id\":\"https:\\\/\\\/erdeitranslations.com\\\/#website\"},\"datePublished\":\"2024-07-31T09:09:10+00:00\",\"dateModified\":\"2024-10-12T13:47:06+00:00\",\"description\":\"Erdei Translations je ku\u0107a vrhunskih prevoda! Otkrijte vrhunske usluge prevo\u0111enja koje su prilago\u0111ene va\u0161im potrebama sa agencijom.\",\"breadcrumb\":{\"@id\":\"https:\\\/\\\/erdeitranslations.com\\\/#breadcrumb\"},\"inLanguage\":\"en-US\",\"potentialAction\":[{\"@type\":\"ReadAction\",\"target\":[\"https:\\\/\\\/erdeitranslations.com\\\/\"]}]},{\"@type\":\"BreadcrumbList\",\"@id\":\"https:\\\/\\\/erdeitranslations.com\\\/#breadcrumb\",\"itemListElement\":[{\"@type\":\"ListItem\",\"position\":1,\"name\":\"Home\",\"item\":\"https:\\\/\\\/erdeitranslations.com\\\/\"},{\"@type\":\"ListItem\",\"position\":2,\"name\":\"Po\u010detak\"}]},{\"@type\":\"WebSite\",\"@id\":\"https:\\\/\\\/erdeitranslations.com\\\/#website\",\"url\":\"https:\\\/\\\/erdeitranslations.com\\\/\",\"name\":\"Erdei translations\",\"description\":\"Website for translation agency - Erdei translations\",\"potentialAction\":[{\"@type\":\"SearchAction\",\"target\":{\"@type\":\"EntryPoint\",\"urlTemplate\":\"https:\\\/\\\/erdeitranslations.com\\\/?s={search_term_string}\"},\"query-input\":{\"@type\":\"PropertyValueSpecification\",\"valueRequired\":true,\"valueName\":\"search_term_string\"}}],\"inLanguage\":\"en-US\"}]}<\/script>\n<!-- \/ Yoast SEO plugin. -->","yoast_head_json":{"title":"Po\u010detak - Erdei translations","description":"Erdei Translations je ku\u0107a vrhunskih prevoda! Otkrijte vrhunske usluge prevo\u0111enja koje su prilago\u0111ene va\u0161im potrebama sa agencijom.","robots":{"index":"index","follow":"follow","max-snippet":"max-snippet:-1","max-image-preview":"max-image-preview:large","max-video-preview":"max-video-preview:-1"},"canonical":"https:\/\/erdeitranslations.com\/en\/","og_locale":"en_US","og_type":"article","og_title":"Po\u010detak - Erdei translations","og_description":"Erdei Translations je ku\u0107a vrhunskih prevoda! Otkrijte vrhunske usluge prevo\u0111enja koje su prilago\u0111ene va\u0161im potrebama sa agencijom.","og_url":"https:\/\/erdeitranslations.com\/en\/","og_site_name":"Erdei translations","article_modified_time":"2024-10-12T13:47:06+00:00","twitter_card":"summary_large_image","twitter_misc":{"Est. reading time":"1 minute"},"schema":{"@context":"https:\/\/schema.org","@graph":[{"@type":"WebPage","@id":"https:\/\/erdeitranslations.com\/","url":"https:\/\/erdeitranslations.com\/","name":"Po\u010detak - Erdei translations","isPartOf":{"@id":"https:\/\/erdeitranslations.com\/#website"},"datePublished":"2024-07-31T09:09:10+00:00","dateModified":"2024-10-12T13:47:06+00:00","description":"Erdei Translations je ku\u0107a vrhunskih prevoda! Otkrijte vrhunske usluge prevo\u0111enja koje su prilago\u0111ene va\u0161im potrebama sa agencijom.","breadcrumb":{"@id":"https:\/\/erdeitranslations.com\/#breadcrumb"},"inLanguage":"en-US","potentialAction":[{"@type":"ReadAction","target":["https:\/\/erdeitranslations.com\/"]}]},{"@type":"BreadcrumbList","@id":"https:\/\/erdeitranslations.com\/#breadcrumb","itemListElement":[{"@type":"ListItem","position":1,"name":"Home","item":"https:\/\/erdeitranslations.com\/"},{"@type":"ListItem","position":2,"name":"Po\u010detak"}]},{"@type":"WebSite","@id":"https:\/\/erdeitranslations.com\/#website","url":"https:\/\/erdeitranslations.com\/","name":"Erdei translations","description":"Website for translation agency - Erdei translations","potentialAction":[{"@type":"SearchAction","target":{"@type":"EntryPoint","urlTemplate":"https:\/\/erdeitranslations.com\/?s={search_term_string}"},"query-input":{"@type":"PropertyValueSpecification","valueRequired":true,"valueName":"search_term_string"}}],"inLanguage":"en-US"}]}},"jetpack_sharing_enabled":true,"_links":{"self":[{"href":"https:\/\/erdeitranslations.com\/en\/wp-json\/wp\/v2\/pages\/37","targetHints":{"allow":["GET"]}}],"collection":[{"href":"https:\/\/erdeitranslations.com\/en\/wp-json\/wp\/v2\/pages"}],"about":[{"href":"https:\/\/erdeitranslations.com\/en\/wp-json\/wp\/v2\/types\/page"}],"author":[{"embeddable":true,"href":"https:\/\/erdeitranslations.com\/en\/wp-json\/wp\/v2\/users\/1"}],"replies":[{"embeddable":true,"href":"https:\/\/erdeitranslations.com\/en\/wp-json\/wp\/v2\/comments?post=37"}],"version-history":[{"count":15,"href":"https:\/\/erdeitranslations.com\/en\/wp-json\/wp\/v2\/pages\/37\/revisions"}],"predecessor-version":[{"id":570,"href":"https:\/\/erdeitranslations.com\/en\/wp-json\/wp\/v2\/pages\/37\/revisions\/570"}],"wp:attachment":[{"href":"https:\/\/erdeitranslations.com\/en\/wp-json\/wp\/v2\/media?parent=37"}],"curies":[{"name":"wp","href":"https:\/\/api.w.org\/{rel}","templated":true}]}}