{"id":6,"date":"2024-07-31T09:04:08","date_gmt":"2024-07-31T09:04:08","guid":{"rendered":"https:\/\/erdeitranslations.com\/contact\/"},"modified":"2025-10-09T14:17:32","modified_gmt":"2025-10-09T14:17:32","slug":"kontakt","status":"publish","type":"page","link":"https:\/\/erdeitranslations.com\/en\/kontakt\/","title":{"rendered":"Contact"},"content":{"rendered":"<div data-colibri-id=\"6-c1\" class=\"style-1731 style-local-6-c1 position-relative\">\n  <!---->\n  <div data-colibri-component=\"section\" data-colibri-id=\"6-c2\" id=\"initial-content\" class=\"h-section h-section-global-spacing d-flex align-items-lg-center align-items-md-center align-items-center style-1732 style-local-6-c2 position-relative\">\n    <!---->\n    <!---->\n    <div class=\"h-section-grid-container h-section-boxed-container\">\n      <!---->\n      <div data-colibri-id=\"6-c3\" class=\"h-row-container gutters-row-lg-2 gutters-row-md-2 gutters-row-0 gutters-row-v-lg-2 gutters-row-v-md-2 gutters-row-v-2 style-1733 style-local-6-c3 position-relative\">\n        <!---->\n        <div class=\"h-row justify-content-lg-center justify-content-md-center justify-content-center align-items-lg-stretch align-items-md-stretch align-items-stretch gutters-col-lg-2 gutters-col-md-2 gutters-col-0 gutters-col-v-lg-2 gutters-col-v-md-2 gutters-col-v-2\">\n          <!---->\n          <div class=\"h-column h-column-container d-flex h-col-lg-auto h-col-md-auto h-col-auto style-1734-outer style-local-6-c4-outer\">\n            <div data-colibri-id=\"6-c4\" class=\"d-flex h-flex-basis h-column__inner h-px-lg-2 h-px-md-2 h-px-2 v-inner-lg-2 v-inner-md-2 v-inner-2 style-1734 style-local-6-c4 position-relative\">\n              <!---->\n              <!---->\n              <div class=\"w-100 h-y-container h-column__content h-column__v-align flex-basis-100 align-self-lg-start align-self-md-start align-self-start\">\n                <!---->\n                <div data-colibri-id=\"6-c5\" class=\"h-text h-text-component style-1736 style-local-6-c5 position-relative h-element\">\n                  <!---->\n                  <!---->\n                  <div class=\"\">\n                    <p>If, after everything you have seen and read on the previous pages, you think we can help you with your translation needs, feel free to write to us or call us.<\/p>\n                  <\/div>\n                <\/div>\n              <\/div>\n            <\/div>\n          <\/div>\n        <\/div>\n      <\/div>\n      <div data-colibri-id=\"6-c6\" class=\"h-row-container gutters-row-lg-2 gutters-row-md-2 gutters-row-0 gutters-row-v-lg-2 gutters-row-v-md-2 gutters-row-v-2 style-1752 style-local-6-c6 position-relative\">\n        <!---->\n        <div class=\"h-row justify-content-lg-center justify-content-md-center justify-content-center align-items-lg-stretch align-items-md-stretch align-items-stretch gutters-col-lg-2 gutters-col-md-2 gutters-col-0 gutters-col-v-lg-2 gutters-col-v-md-2 gutters-col-v-2\">\n          <!---->\n          <div class=\"h-column h-column-container d-flex h-col-lg-auto h-col-md-auto h-col-auto style-1753-outer style-local-6-c7-outer\">\n            <div data-colibri-id=\"6-c7\" class=\"d-flex h-flex-basis h-column__inner h-px-lg-2 h-px-md-2 h-px-2 v-inner-lg-2 v-inner-md-2 v-inner-2 style-1753 style-local-6-c7 position-relative\">\n              <!---->\n              <!---->\n              <div class=\"w-100 h-y-container h-column__content h-column__v-align flex-basis-100 align-self-lg-start align-self-md-start align-self-start\">\n                <!---->\n                <div data-colibri-id=\"6-c8\" class=\"h-text h-text-component style-1740 style-local-6-c8 position-relative h-element\">\n                  <!---->\n                  <!---->\n                  <div class=\"\">\n                    <p><strong>Erdei Translations<\/strong><\/p>\n                    <p>\ud83c\udf10&nbsp;\n                      <a href=\"https:\/\/erdeitranslations.com\/en\/\" class=\"customize-unpreviewable\">www.erdeitranslations.com<\/a>\n                    <\/p>\n                    <p>\u2709&nbsp;\n                      <a href=\"mailto:office@erdeitranslations.com\">office@erdeitranslations.com<\/a>\n                    <\/p>\n                    <p>\ud83d\udcde +38162653026<\/p>\n                    <p>\ud83d\udcde +351925106302<\/p>\n                  <\/div>\n                <\/div>\n              <\/div>\n            <\/div>\n          <\/div>\n        <\/div>\n      <\/div>\n      <div data-colibri-id=\"6-c10\" class=\"h-row-container gutters-row-lg-2 gutters-row-md-2 gutters-row-0 gutters-row-v-lg-2 gutters-row-v-md-2 gutters-row-v-2 style-1744 style-local-6-c10 position-relative\">\n        <!---->\n        <div class=\"h-row justify-content-lg-center justify-content-md-center justify-content-center align-items-lg-stretch align-items-md-stretch align-items-stretch gutters-col-lg-2 gutters-col-md-2 gutters-col-0 gutters-col-v-lg-2 gutters-col-v-md-2 gutters-col-v-2\">\n          <!---->\n          <div class=\"h-column h-column-container d-flex h-col-lg-auto h-col-md-auto h-col-auto style-1745-outer style-local-6-c11-outer\">\n            <div data-colibri-id=\"6-c11\" class=\"d-flex h-flex-basis h-column__inner h-px-lg-2 h-px-md-2 h-px-2 v-inner-lg-2 v-inner-md-2 v-inner-2 style-1745 style-local-6-c11 position-relative\">\n              <!---->\n              <!---->\n              <div class=\"w-100 h-y-container h-column__content h-column__v-align flex-basis-100 align-self-lg-start align-self-md-start align-self-start\">\n                <!---->\n                <div data-colibri-id=\"6-c12\" class=\"h-text h-text-component style-1747 style-local-6-c12 position-relative h-element\">\n                  <!---->\n                  <!---->\n                  <div class=\"\">\n                    <p>Since we know that your time is very valuable, and that it is usually necessary to get the requested information as soon as possible, we will try to answer you as quickly as possible.<\/p>\n                  <\/div>\n                <\/div>\n              <\/div>\n            <\/div>\n          <\/div>\n        <\/div>\n      <\/div>\n    <\/div>\n  <\/div>\n<\/div>","protected":false},"excerpt":{"rendered":"<p>Ako posle svega \u0161to ste videli i pro\u010ditali na prethodnim stranicama smatrate da mo\u017eemo da vam pomognemo oko va\u0161ih potreba za prevodom, slobodno nam pi\u0161ite ili nas pozovite. Erdei Translations \ud83c\udf10&nbsp; www.erdeitranslations.com \u2709&nbsp; office@erdeitranslations.com \ud83d\udcde +38162653026 \ud83d\udcde +351925106302 Po\u0161to znamo da je va\u0161e vreme dragoceno, i da je obi\u010dno potrebno \u0161to pre dobiti tra\u017eenu informaciju, [&hellip;]<\/p>\n","protected":false},"author":1,"featured_media":0,"parent":0,"menu_order":6,"comment_status":"closed","ping_status":"closed","template":"page-templates\/full-width-page.php","meta":{"nf_dc_page":"contact","om_disable_all_campaigns":false,"_monsterinsights_skip_tracking":false,"_monsterinsights_sitenote_active":false,"_monsterinsights_sitenote_note":"","_monsterinsights_sitenote_category":0,"footnotes":""},"class_list":["post-6","page","type-page","status-publish","hentry"],"yoast_head":"<!-- This site is optimized with the Yoast SEO plugin v27.4 - https:\/\/yoast.com\/product\/yoast-seo-wordpress\/ -->\n<title>Kontakt - Erdei translations<\/title>\n<meta name=\"description\" content=\"Ako vam je poteban prevod ovde mozete na\u0107i kontakt informacije putem kojih nas mo\u017eete kontaktirati. Stojima vam na raspolaganju.\" \/>\n<meta name=\"robots\" content=\"index, follow, max-snippet:-1, max-image-preview:large, max-video-preview:-1\" \/>\n<link rel=\"canonical\" href=\"https:\/\/erdeitranslations.com\/en\/kontakt\/\" \/>\n<meta property=\"og:locale\" content=\"en_US\" \/>\n<meta property=\"og:type\" content=\"article\" \/>\n<meta property=\"og:title\" content=\"Kontakt - Erdei translations\" \/>\n<meta property=\"og:description\" content=\"Ako vam je poteban prevod ovde mozete na\u0107i kontakt informacije putem kojih nas mo\u017eete kontaktirati. Stojima vam na raspolaganju.\" \/>\n<meta property=\"og:url\" content=\"https:\/\/erdeitranslations.com\/en\/kontakt\/\" \/>\n<meta property=\"og:site_name\" content=\"Erdei translations\" \/>\n<meta property=\"article:modified_time\" content=\"2025-10-09T14:17:32+00:00\" \/>\n<meta name=\"twitter:card\" content=\"summary_large_image\" \/>\n<meta name=\"twitter:label1\" content=\"Est. reading time\" \/>\n\t<meta name=\"twitter:data1\" content=\"1 minute\" \/>\n<script type=\"application\/ld+json\" class=\"yoast-schema-graph\">{\"@context\":\"https:\\\/\\\/schema.org\",\"@graph\":[{\"@type\":\"WebPage\",\"@id\":\"https:\\\/\\\/erdeitranslations.com\\\/kontakt\\\/\",\"url\":\"https:\\\/\\\/erdeitranslations.com\\\/kontakt\\\/\",\"name\":\"Kontakt - Erdei translations\",\"isPartOf\":{\"@id\":\"https:\\\/\\\/erdeitranslations.com\\\/#website\"},\"datePublished\":\"2024-07-31T09:04:08+00:00\",\"dateModified\":\"2025-10-09T14:17:32+00:00\",\"description\":\"Ako vam je poteban prevod ovde mozete na\u0107i kontakt informacije putem kojih nas mo\u017eete kontaktirati. Stojima vam na raspolaganju.\",\"breadcrumb\":{\"@id\":\"https:\\\/\\\/erdeitranslations.com\\\/kontakt\\\/#breadcrumb\"},\"inLanguage\":\"en-US\",\"potentialAction\":[{\"@type\":\"ReadAction\",\"target\":[\"https:\\\/\\\/erdeitranslations.com\\\/kontakt\\\/\"]}]},{\"@type\":\"BreadcrumbList\",\"@id\":\"https:\\\/\\\/erdeitranslations.com\\\/kontakt\\\/#breadcrumb\",\"itemListElement\":[{\"@type\":\"ListItem\",\"position\":1,\"name\":\"Home\",\"item\":\"https:\\\/\\\/erdeitranslations.com\\\/\"},{\"@type\":\"ListItem\",\"position\":2,\"name\":\"Kontakt\"}]},{\"@type\":\"WebSite\",\"@id\":\"https:\\\/\\\/erdeitranslations.com\\\/#website\",\"url\":\"https:\\\/\\\/erdeitranslations.com\\\/\",\"name\":\"Erdei translations\",\"description\":\"Website for translation agency - Erdei translations\",\"potentialAction\":[{\"@type\":\"SearchAction\",\"target\":{\"@type\":\"EntryPoint\",\"urlTemplate\":\"https:\\\/\\\/erdeitranslations.com\\\/?s={search_term_string}\"},\"query-input\":{\"@type\":\"PropertyValueSpecification\",\"valueRequired\":true,\"valueName\":\"search_term_string\"}}],\"inLanguage\":\"en-US\"}]}<\/script>\n<!-- \/ Yoast SEO plugin. -->","yoast_head_json":{"title":"Kontakt - Erdei translations","description":"Ako vam je poteban prevod ovde mozete na\u0107i kontakt informacije putem kojih nas mo\u017eete kontaktirati. Stojima vam na raspolaganju.","robots":{"index":"index","follow":"follow","max-snippet":"max-snippet:-1","max-image-preview":"max-image-preview:large","max-video-preview":"max-video-preview:-1"},"canonical":"https:\/\/erdeitranslations.com\/en\/kontakt\/","og_locale":"en_US","og_type":"article","og_title":"Kontakt - Erdei translations","og_description":"Ako vam je poteban prevod ovde mozete na\u0107i kontakt informacije putem kojih nas mo\u017eete kontaktirati. Stojima vam na raspolaganju.","og_url":"https:\/\/erdeitranslations.com\/en\/kontakt\/","og_site_name":"Erdei translations","article_modified_time":"2025-10-09T14:17:32+00:00","twitter_card":"summary_large_image","twitter_misc":{"Est. reading time":"1 minute"},"schema":{"@context":"https:\/\/schema.org","@graph":[{"@type":"WebPage","@id":"https:\/\/erdeitranslations.com\/kontakt\/","url":"https:\/\/erdeitranslations.com\/kontakt\/","name":"Kontakt - Erdei translations","isPartOf":{"@id":"https:\/\/erdeitranslations.com\/#website"},"datePublished":"2024-07-31T09:04:08+00:00","dateModified":"2025-10-09T14:17:32+00:00","description":"Ako vam je poteban prevod ovde mozete na\u0107i kontakt informacije putem kojih nas mo\u017eete kontaktirati. Stojima vam na raspolaganju.","breadcrumb":{"@id":"https:\/\/erdeitranslations.com\/kontakt\/#breadcrumb"},"inLanguage":"en-US","potentialAction":[{"@type":"ReadAction","target":["https:\/\/erdeitranslations.com\/kontakt\/"]}]},{"@type":"BreadcrumbList","@id":"https:\/\/erdeitranslations.com\/kontakt\/#breadcrumb","itemListElement":[{"@type":"ListItem","position":1,"name":"Home","item":"https:\/\/erdeitranslations.com\/"},{"@type":"ListItem","position":2,"name":"Kontakt"}]},{"@type":"WebSite","@id":"https:\/\/erdeitranslations.com\/#website","url":"https:\/\/erdeitranslations.com\/","name":"Erdei translations","description":"Website for translation agency - Erdei translations","potentialAction":[{"@type":"SearchAction","target":{"@type":"EntryPoint","urlTemplate":"https:\/\/erdeitranslations.com\/?s={search_term_string}"},"query-input":{"@type":"PropertyValueSpecification","valueRequired":true,"valueName":"search_term_string"}}],"inLanguage":"en-US"}]}},"jetpack_sharing_enabled":true,"_links":{"self":[{"href":"https:\/\/erdeitranslations.com\/en\/wp-json\/wp\/v2\/pages\/6","targetHints":{"allow":["GET"]}}],"collection":[{"href":"https:\/\/erdeitranslations.com\/en\/wp-json\/wp\/v2\/pages"}],"about":[{"href":"https:\/\/erdeitranslations.com\/en\/wp-json\/wp\/v2\/types\/page"}],"author":[{"embeddable":true,"href":"https:\/\/erdeitranslations.com\/en\/wp-json\/wp\/v2\/users\/1"}],"replies":[{"embeddable":true,"href":"https:\/\/erdeitranslations.com\/en\/wp-json\/wp\/v2\/comments?post=6"}],"version-history":[{"count":19,"href":"https:\/\/erdeitranslations.com\/en\/wp-json\/wp\/v2\/pages\/6\/revisions"}],"predecessor-version":[{"id":688,"href":"https:\/\/erdeitranslations.com\/en\/wp-json\/wp\/v2\/pages\/6\/revisions\/688"}],"wp:attachment":[{"href":"https:\/\/erdeitranslations.com\/en\/wp-json\/wp\/v2\/media?parent=6"}],"curies":[{"name":"wp","href":"https:\/\/api.w.org\/{rel}","templated":true}]}}